{"id":5652,"date":"2023-06-05T09:48:58","date_gmt":"2023-06-05T09:48:58","guid":{"rendered":"https:\/\/52.148.200.181\/portal-interno\/?page_id=5652"},"modified":"2025-12-18T13:52:47","modified_gmt":"2025-12-18T12:52:47","slug":"portal-interno","status":"publish","type":"page","link":"https:\/\/www.atlcapital.es\/portal-interno\/","title":{"rendered":"Portal Interno"},"content":{"rendered":"\t\t<div data-elementor-type=\"wp-page\" data-elementor-id=\"5652\" class=\"elementor elementor-5652\" data-elementor-post-type=\"page\">\n\t\t\t\t\t\t<section data-particle_enable=\"false\" data-particle-mobile-disabled=\"false\" class=\"elementor-section elementor-top-section elementor-element elementor-element-706fd87 elementor-section-boxed elementor-section-height-default elementor-section-height-default\" data-id=\"706fd87\" data-element_type=\"section\" data-settings=\"{&quot;background_background&quot;:&quot;classic&quot;}\">\n\t\t\t\t\t\t<div class=\"elementor-container elementor-column-gap-default\">\n\t\t\t\t\t<div class=\"elementor-column elementor-col-100 elementor-top-column elementor-element elementor-element-a86a0b3\" data-id=\"a86a0b3\" data-element_type=\"column\">\n\t\t\t<div class=\"elementor-widget-wrap elementor-element-populated\">\n\t\t\t\t\t\t<div class=\"elementor-element elementor-element-650b3f3 elementor-align-right elementor-fixed elementor-widget elementor-widget-button\" data-id=\"650b3f3\" data-element_type=\"widget\" data-settings=\"{&quot;_position&quot;:&quot;fixed&quot;}\" data-widget_type=\"button.default\">\n\t\t\t\t<div class=\"elementor-widget-container\">\n\t\t\t\t\t\t\t\t\t<div class=\"elementor-button-wrapper\">\n\t\t\t\t\t<a class=\"elementor-button elementor-button-link elementor-size-sm\" href=\"https:\/\/www.atlcapital.es\/portal-interno\/reserva-de-salas\/\">\n\t\t\t\t\t\t<span class=\"elementor-button-content-wrapper\">\n\t\t\t\t\t\t<span class=\"elementor-button-icon\">\n\t\t\t\t<i aria-hidden=\"true\" class=\"far fa-calendar-alt\"><\/i>\t\t\t<\/span>\n\t\t\t\t\t\t\t\t\t<span class=\"elementor-button-text\">Reservar sala<\/span>\n\t\t\t\t\t<\/span>\n\t\t\t\t\t<\/a>\n\t\t\t\t<\/div>\n\t\t\t\t\t\t\t\t<\/div>\n\t\t\t\t<\/div>\n\t\t\t\t\t<\/div>\n\t\t<\/div>\n\t\t\t\t\t<\/div>\n\t\t<\/section>\n\t\t\t\t<section data-particle_enable=\"false\" data-particle-mobile-disabled=\"false\" class=\"elementor-section elementor-top-section elementor-element elementor-element-c466eaa elementor-section-height-min-height elementor-section-boxed elementor-section-height-default elementor-section-items-middle\" data-id=\"c466eaa\" data-element_type=\"section\">\n\t\t\t\t\t\t<div class=\"elementor-container elementor-column-gap-default\">\n\t\t\t\t\t<div class=\"elementor-column elementor-col-100 elementor-top-column elementor-element elementor-element-5e752af\" data-id=\"5e752af\" data-element_type=\"column\">\n\t\t\t<div class=\"elementor-widget-wrap elementor-element-populated\">\n\t\t\t\t\t\t<div class=\"elementor-element elementor-element-5f6b547 elementor-widget elementor-widget-image\" data-id=\"5f6b547\" data-element_type=\"widget\" data-widget_type=\"image.default\">\n\t\t\t\t<div class=\"elementor-widget-container\">\n\t\t\t\t\t\t\t\t\t\t\t\t\t\t\t\t<a href=\"https:\/\/www.atlcapital.es\/portal-interno\/\">\n\t\t\t\t\t\t\t<img fetchpriority=\"high\" decoding=\"async\" width=\"1024\" height=\"429\" src=\"https:\/\/i0.wp.com\/www.atlcapital.es\/portal-interno\/wp-content\/uploads\/2025\/12\/logo-atl-capital-png.png?fit=1024%2C429&amp;ssl=1\" class=\"attachment-large size-large wp-image-15144\" alt=\"\" srcset=\"https:\/\/i0.wp.com\/www.atlcapital.es\/portal-interno\/wp-content\/uploads\/2025\/12\/logo-atl-capital-png.png?w=1349&amp;ssl=1 1349w, https:\/\/i0.wp.com\/www.atlcapital.es\/portal-interno\/wp-content\/uploads\/2025\/12\/logo-atl-capital-png.png?resize=300%2C126&amp;ssl=1 300w, https:\/\/i0.wp.com\/www.atlcapital.es\/portal-interno\/wp-content\/uploads\/2025\/12\/logo-atl-capital-png.png?resize=1024%2C429&amp;ssl=1 1024w, https:\/\/i0.wp.com\/www.atlcapital.es\/portal-interno\/wp-content\/uploads\/2025\/12\/logo-atl-capital-png.png?resize=768%2C322&amp;ssl=1 768w\" sizes=\"(max-width: 1000px) 100vw, 1000px\" \/>\t\t\t\t\t\t\t\t<\/a>\n\t\t\t\t\t\t\t\t\t\t\t\t\t\t\t<\/div>\n\t\t\t\t<\/div>\n\t\t\t\t\t<\/div>\n\t\t<\/div>\n\t\t\t\t\t<\/div>\n\t\t<\/section>\n\t\t\t\t<section data-particle_enable=\"false\" data-particle-mobile-disabled=\"false\" class=\"elementor-section elementor-top-section elementor-element elementor-element-6a974ab elementor-section-height-min-height elementor-section-items-stretch elementor-reverse-mobile elementor-section-boxed elementor-section-height-default\" data-id=\"6a974ab\" data-element_type=\"section\" data-settings=\"{&quot;background_background&quot;:&quot;classic&quot;}\">\n\t\t\t\t\t\t<div class=\"elementor-container elementor-column-gap-no\">\n\t\t\t\t\t<div class=\"elementor-column elementor-col-50 elementor-top-column elementor-element elementor-element-3ba374f\" data-id=\"3ba374f\" data-element_type=\"column\" data-settings=\"{&quot;background_background&quot;:&quot;classic&quot;}\">\n\t\t\t<div class=\"elementor-widget-wrap elementor-element-populated\">\n\t\t\t\t\t<div class=\"elementor-background-overlay\"><\/div>\n\t\t\t\t\t\t<div class=\"elementor-element elementor-element-68fd4c7 elementor-widget elementor-widget-spacer\" data-id=\"68fd4c7\" data-element_type=\"widget\" data-widget_type=\"spacer.default\">\n\t\t\t\t<div class=\"elementor-widget-container\">\n\t\t\t\t\t\t\t<div class=\"elementor-spacer\">\n\t\t\t<div class=\"elementor-spacer-inner\"><\/div>\n\t\t<\/div>\n\t\t\t\t\t\t<\/div>\n\t\t\t\t<\/div>\n\t\t\t\t<div class=\"elementor-element elementor-element-04eb64a elementor-widget__width-auto elementor-widget-tablet__width-initial elementor-absolute elementor-widget elementor-widget-image\" data-id=\"04eb64a\" data-element_type=\"widget\" data-settings=\"{&quot;motion_fx_motion_fx_scrolling&quot;:&quot;yes&quot;,&quot;motion_fx_rotateZ_effect&quot;:&quot;yes&quot;,&quot;motion_fx_rotateZ_direction&quot;:&quot;negative&quot;,&quot;motion_fx_rotateZ_speed&quot;:{&quot;unit&quot;:&quot;px&quot;,&quot;size&quot;:6.20000000000000017763568394002504646778106689453125,&quot;sizes&quot;:[]},&quot;motion_fx_rotateZ_affectedRange&quot;:{&quot;unit&quot;:&quot;%&quot;,&quot;size&quot;:&quot;&quot;,&quot;sizes&quot;:{&quot;start&quot;:7,&quot;end&quot;:&quot;86&quot;}},&quot;_position&quot;:&quot;absolute&quot;,&quot;motion_fx_devices&quot;:[&quot;widescreen&quot;,&quot;desktop&quot;,&quot;laptop&quot;,&quot;tablet&quot;,&quot;mobile&quot;]}\" data-widget_type=\"image.default\">\n\t\t\t\t<div class=\"elementor-widget-container\">\n\t\t\t\t\t\t\t\t\t\t\t\t\t\t\t<img decoding=\"async\" width=\"269\" height=\"268\" src=\"https:\/\/i0.wp.com\/www.atlcapital.es\/portal-interno\/wp-content\/uploads\/2022\/09\/portal-interno-circulo.png?fit=269%2C268&amp;ssl=1\" class=\"attachment-large size-large wp-image-1643\" alt=\"\" srcset=\"https:\/\/i0.wp.com\/www.atlcapital.es\/portal-interno\/wp-content\/uploads\/2022\/09\/portal-interno-circulo.png?w=269&amp;ssl=1 269w, https:\/\/i0.wp.com\/www.atlcapital.es\/portal-interno\/wp-content\/uploads\/2022\/09\/portal-interno-circulo.png?resize=150%2C150&amp;ssl=1 150w\" sizes=\"(max-width: 269px) 100vw, 269px\" \/>\t\t\t\t\t\t\t\t\t\t\t\t\t\t\t<\/div>\n\t\t\t\t<\/div>\n\t\t\t\t\t<\/div>\n\t\t<\/div>\n\t\t\t\t<div class=\"elementor-column elementor-col-50 elementor-top-column elementor-element elementor-element-0a0168c\" data-id=\"0a0168c\" data-element_type=\"column\">\n\t\t\t<div class=\"elementor-widget-wrap elementor-element-populated\">\n\t\t\t\t\t\t<div class=\"elementor-element elementor-element-5242e0b elementor-button-align-stretch elementor-mobile-button-align-stretch elementor-widget elementor-widget-login\" data-id=\"5242e0b\" data-element_type=\"widget\" data-widget_type=\"login.default\">\n\t\t\t\t<div class=\"elementor-widget-container\">\n\t\t\t\t\t\t\t<form class=\"elementor-login elementor-form\" method=\"post\" action=\"https:\/\/www.atlcapital.es\/portal-interno\/wp-login.php\" aria-label=\"Fromulario de login\">\n\t\t\t<input type=\"hidden\" name=\"redirect_to\" value=\"https:\/\/www.atlcapital.es\/portal-interno\/portal-interno\/\">\n\t\t\t<div class=\"elementor-form-fields-wrapper\">\n\t\t\t\t<div class=\"elementor-field-type-text elementor-field-group elementor-column elementor-col-100 elementor-field-required\">\n\t\t\t\t\t<label for=\"user-5242e0b\" class=\"elementor-field-label\">Nombre de usuario<\/label>\n\t\t\t\t\t<input size=\"1\" type=\"text\" name=\"log\" id=\"user-5242e0b\" placeholder=\"\" class=\"elementor-field elementor-field-textual elementor-size-md\">\n\t\t\t\t<\/div>\n\t\t\t\t<div class=\"elementor-field-type-text elementor-field-group elementor-column elementor-col-100 elementor-field-required\">\n\t\t\t\t\t<label for=\"password-5242e0b\" class=\"elementor-field-label\">Contrase\u00f1a<\/label>\n\t\t\t\t\t<input size=\"1\" type=\"password\" name=\"pwd\" id=\"password-5242e0b\" placeholder=\"\" class=\"elementor-field elementor-field-textual elementor-size-md\">\n\t\t\t\t<\/div>\n\n\t\t\t\t\t\t\t\t\t<div class=\"elementor-field-type-checkbox elementor-field-group elementor-column elementor-col-100 elementor-remember-me\">\n\t\t\t\t\t\t<label for=\"elementor-login-remember-me\">\n\t\t\t\t\t\t\t<input type=\"checkbox\" id=\"elementor-login-remember-me\" name=\"rememberme\" value=\"forever\">\n\t\t\t\t\t\t\tRecu\u00e9rdame\t\t\t\t\t\t<\/label>\n\t\t\t\t\t<\/div>\n\t\t\t\t\n\t\t\t\t<div class=\"elementor-field-group elementor-column elementor-field-type-submit elementor-col-100\">\n\t\t\t\t\t<button type=\"submit\" class=\"elementor-size-lg elementor-button\" name=\"wp-submit\">\n\t\t\t\t\t\t\t\t\t\t\t\t\t\t\t<span class=\"elementor-button-text\">Iniciar sesi\u00f3n<\/span>\n\t\t\t\t\t\t\t\t\t\t\t\t<\/button>\n\t\t\t\t<\/div>\n\n\t\t\t\t\t\t\t\t\t<div class=\"elementor-field-group elementor-column elementor-col-100\">\n\t\t\t\t\t\t\t\t\t\t\t\t\t\t\t\t\t\t\t\t<a class=\"elementor-lost-password\" href=\"https:\/\/www.atlcapital.es\/portal-interno\/wp-login.php?action=lostpassword&redirect_to=https%3A%2F%2Fwww.atlcapital.es%2Fportal-interno%2Fportal-interno%2F\">\n\t\t\t\t\t\t\t\t\u00bfOlvid\u00f3 su contrase\u00f1a?\t\t\t\t\t\t\t<\/a>\n\t\t\t\t\t\t\n\t\t\t\t\t\t\t\t\t\t\t<\/div>\n\t\t\t\t\t\t\t<\/div>\n\t\t<\/form>\n\t\t\t\t\t\t<\/div>\n\t\t\t\t<\/div>\n\t\t<!-- dce invisible element afc5b5e -->\t\t\t<\/div>\n\t\t<\/div>\n\t\t\t\t\t<\/div>\n\t\t<\/section>\n\t\t\t\t<section data-particle_enable=\"false\" data-particle-mobile-disabled=\"false\" class=\"elementor-section elementor-top-section elementor-element elementor-element-f3b9183 elementor-section-boxed elementor-section-height-default elementor-section-height-default\" data-id=\"f3b9183\" data-element_type=\"section\" data-settings=\"{&quot;background_background&quot;:&quot;classic&quot;}\">\n\t\t\t\t\t\t<div class=\"elementor-container elementor-column-gap-default\">\n\t\t\t\t\t<div class=\"elementor-column elementor-col-100 elementor-top-column elementor-element elementor-element-f18fc08\" data-id=\"f18fc08\" data-element_type=\"column\">\n\t\t\t<div class=\"elementor-widget-wrap elementor-element-populated\">\n\t\t\t\t\t\t<div class=\"elementor-element elementor-element-5846627 elementor-widget elementor-widget-spacer\" data-id=\"5846627\" data-element_type=\"widget\" data-widget_type=\"spacer.default\">\n\t\t\t\t<div class=\"elementor-widget-container\">\n\t\t\t\t\t\t\t<div class=\"elementor-spacer\">\n\t\t\t<div class=\"elementor-spacer-inner\"><\/div>\n\t\t<\/div>\n\t\t\t\t\t\t<\/div>\n\t\t\t\t<\/div>\n\t\t\t\t\t<\/div>\n\t\t<\/div>\n\t\t\t\t\t<\/div>\n\t\t<\/section>\n\t\t\t\t<\/div>\n\t\t","protected":false},"excerpt":{"rendered":"<p>Reservar sala PORTAL INTERNO Esta secci\u00f3n es exclusiva para el equipo de atl Capital, podr\u00e1s acceder a nuestras reuniones de la ma\u00f1ana, a todas nuestras formaciones, reservar salas de reuniones y mucho m\u00e1s. Presentaciones atl Capital Tim\u00f3n \u00a1ENHORABUENA! Hemos obtenido el premio a la mejora banca privada boutique de espa\u00f1a Ya ten\u00e9is disponible para utilizar [&hellip;]<\/p>\n","protected":false},"author":5,"featured_media":0,"parent":0,"menu_order":0,"comment_status":"closed","ping_status":"closed","template":"elementor_header_footer","meta":{"site-sidebar-layout":"no-sidebar","site-content-layout":"page-builder","ast-site-content-layout":"","site-content-style":"default","site-sidebar-style":"default","ast-global-header-display":"","ast-banner-title-visibility":"","ast-main-header-display":"","ast-hfb-above-header-display":"","ast-hfb-below-header-display":"","ast-hfb-mobile-header-display":"","site-post-title":"disabled","ast-breadcrumbs-content":"","ast-featured-img":"disabled","footer-sml-layout":"","theme-transparent-header-meta":"default","adv-header-id-meta":"","stick-header-meta":"","header-above-stick-meta":"","header-main-stick-meta":"","header-below-stick-meta":"","astra-migrate-meta-layouts":"default","ast-page-background-enabled":"default","ast-page-background-meta":{"desktop":{"background-color":"var(--ast-global-color-4)","background-image":"","background-repeat":"repeat","background-position":"center center","background-size":"auto","background-attachment":"scroll","background-type":"","background-media":"","overlay-type":"","overlay-color":"","overlay-opacity":"","overlay-gradient":""},"tablet":{"background-color":"","background-image":"","background-repeat":"repeat","background-position":"center center","background-size":"auto","background-attachment":"scroll","background-type":"","background-media":"","overlay-type":"","overlay-color":"","overlay-opacity":"","overlay-gradient":""},"mobile":{"background-color":"","background-image":"","background-repeat":"repeat","background-position":"center center","background-size":"auto","background-attachment":"scroll","background-type":"","background-media":"","overlay-type":"","overlay-color":"","overlay-opacity":"","overlay-gradient":""}},"ast-content-background-meta":{"desktop":{"background-color":"var(--ast-global-color-5)","background-image":"","background-repeat":"repeat","background-position":"center center","background-size":"auto","background-attachment":"scroll","background-type":"","background-media":"","overlay-type":"","overlay-color":"","overlay-opacity":"","overlay-gradient":""},"tablet":{"background-color":"var(--ast-global-color-5)","background-image":"","background-repeat":"repeat","background-position":"center center","background-size":"auto","background-attachment":"scroll","background-type":"","background-media":"","overlay-type":"","overlay-color":"","overlay-opacity":"","overlay-gradient":""},"mobile":{"background-color":"var(--ast-global-color-5)","background-image":"","background-repeat":"repeat","background-position":"center center","background-size":"auto","background-attachment":"scroll","background-type":"","background-media":"","overlay-type":"","overlay-color":"","overlay-opacity":"","overlay-gradient":""}},"footnotes":""},"class_list":["post-5652","page","type-page","status-publish","hentry"],"yoast_head":"<!-- This site is optimized with the Yoast SEO plugin v25.8 - https:\/\/yoast.com\/wordpress\/plugins\/seo\/ -->\n<title>Portal Interno<\/title>\n<meta name=\"description\" content=\"El Portal Interno es exclusiva para el equipo de atl Capital, podr\u00e1s acceder a nuestras reuniones de la ma\u00f1ana, a formaciones, y mucho m\u00e1s\" \/>\n<meta name=\"robots\" content=\"index, follow, max-snippet:-1, max-image-preview:large, max-video-preview:-1\" \/>\n<link rel=\"canonical\" href=\"https:\/\/www.atlcapital.es\/portal-interno\/\" \/>\n<meta property=\"og:locale\" content=\"es_ES\" \/>\n<meta property=\"og:type\" content=\"article\" \/>\n<meta property=\"og:title\" content=\"Portal Interno\" \/>\n<meta property=\"og:description\" content=\"El Portal Interno es exclusiva para el equipo de atl Capital, podr\u00e1s acceder a nuestras reuniones de la ma\u00f1ana, a formaciones, y mucho m\u00e1s\" \/>\n<meta property=\"og:url\" content=\"https:\/\/www.atlcapital.es\/portal-interno\/\" \/>\n<meta property=\"og:site_name\" content=\"atl Capital Portal Interno\" \/>\n<meta property=\"article:modified_time\" content=\"2025-12-18T12:52:47+00:00\" \/>\n<meta property=\"og:image\" content=\"https:\/\/www.atlcapital.es\/portal-interno\/wp-content\/uploads\/2023\/04\/Captura-7-1.png\" \/>\n<meta name=\"twitter:card\" content=\"summary_large_image\" \/>\n<meta name=\"twitter:label1\" content=\"Tiempo de lectura\" \/>\n\t<meta name=\"twitter:data1\" content=\"28 minutos\" \/>\n<script type=\"application\/ld+json\" class=\"yoast-schema-graph\">{\"@context\":\"https:\/\/schema.org\",\"@graph\":[{\"@type\":\"WebPage\",\"@id\":\"https:\/\/www.atlcapital.es\/portal-interno\/\",\"url\":\"https:\/\/www.atlcapital.es\/portal-interno\/\",\"name\":\"Portal Interno\",\"isPartOf\":{\"@id\":\"https:\/\/www.atlcapital.es\/portal-interno\/#website\"},\"primaryImageOfPage\":{\"@id\":\"https:\/\/www.atlcapital.es\/portal-interno\/#primaryimage\"},\"image\":{\"@id\":\"https:\/\/www.atlcapital.es\/portal-interno\/#primaryimage\"},\"thumbnailUrl\":\"https:\/\/www.atlcapital.es\/portal-interno\/wp-content\/uploads\/2023\/04\/Captura-7-1.png\",\"datePublished\":\"2023-06-05T09:48:58+00:00\",\"dateModified\":\"2025-12-18T12:52:47+00:00\",\"description\":\"El Portal Interno es exclusiva para el equipo de atl Capital, podr\u00e1s acceder a nuestras reuniones de la ma\u00f1ana, a formaciones, y mucho m\u00e1s\",\"inLanguage\":\"es\",\"potentialAction\":[{\"@type\":\"ReadAction\",\"target\":[\"https:\/\/www.atlcapital.es\/portal-interno\/\"]}]},{\"@type\":\"ImageObject\",\"inLanguage\":\"es\",\"@id\":\"https:\/\/www.atlcapital.es\/portal-interno\/#primaryimage\",\"url\":\"https:\/\/i0.wp.com\/www.atlcapital.es\/portal-interno\/wp-content\/uploads\/2023\/04\/Captura-7-1.png?fit=1007%2C882&ssl=1\",\"contentUrl\":\"https:\/\/i0.wp.com\/www.atlcapital.es\/portal-interno\/wp-content\/uploads\/2023\/04\/Captura-7-1.png?fit=1007%2C882&ssl=1\",\"width\":1007,\"height\":882},{\"@type\":\"WebSite\",\"@id\":\"https:\/\/www.atlcapital.es\/portal-interno\/#website\",\"url\":\"https:\/\/www.atlcapital.es\/portal-interno\/\",\"name\":\"atl Capital Portal Interno\",\"description\":\"\",\"potentialAction\":[{\"@type\":\"SearchAction\",\"target\":{\"@type\":\"EntryPoint\",\"urlTemplate\":\"https:\/\/www.atlcapital.es\/portal-interno\/?s={search_term_string}\"},\"query-input\":{\"@type\":\"PropertyValueSpecification\",\"valueRequired\":true,\"valueName\":\"search_term_string\"}}],\"inLanguage\":\"es\"}]}<\/script>\n<!-- \/ Yoast SEO plugin. -->","yoast_head_json":{"title":"Portal Interno","description":"El Portal Interno es exclusiva para el equipo de atl Capital, podr\u00e1s acceder a nuestras reuniones de la ma\u00f1ana, a formaciones, y mucho m\u00e1s","robots":{"index":"index","follow":"follow","max-snippet":"max-snippet:-1","max-image-preview":"max-image-preview:large","max-video-preview":"max-video-preview:-1"},"canonical":"https:\/\/www.atlcapital.es\/portal-interno\/","og_locale":"es_ES","og_type":"article","og_title":"Portal Interno","og_description":"El Portal Interno es exclusiva para el equipo de atl Capital, podr\u00e1s acceder a nuestras reuniones de la ma\u00f1ana, a formaciones, y mucho m\u00e1s","og_url":"https:\/\/www.atlcapital.es\/portal-interno\/","og_site_name":"atl Capital Portal Interno","article_modified_time":"2025-12-18T12:52:47+00:00","og_image":[{"url":"https:\/\/www.atlcapital.es\/portal-interno\/wp-content\/uploads\/2023\/04\/Captura-7-1.png","type":"","width":"","height":""}],"twitter_card":"summary_large_image","twitter_misc":{"Tiempo de lectura":"28 minutos"},"schema":{"@context":"https:\/\/schema.org","@graph":[{"@type":"WebPage","@id":"https:\/\/www.atlcapital.es\/portal-interno\/","url":"https:\/\/www.atlcapital.es\/portal-interno\/","name":"Portal Interno","isPartOf":{"@id":"https:\/\/www.atlcapital.es\/portal-interno\/#website"},"primaryImageOfPage":{"@id":"https:\/\/www.atlcapital.es\/portal-interno\/#primaryimage"},"image":{"@id":"https:\/\/www.atlcapital.es\/portal-interno\/#primaryimage"},"thumbnailUrl":"https:\/\/www.atlcapital.es\/portal-interno\/wp-content\/uploads\/2023\/04\/Captura-7-1.png","datePublished":"2023-06-05T09:48:58+00:00","dateModified":"2025-12-18T12:52:47+00:00","description":"El Portal Interno es exclusiva para el equipo de atl Capital, podr\u00e1s acceder a nuestras reuniones de la ma\u00f1ana, a formaciones, y mucho m\u00e1s","inLanguage":"es","potentialAction":[{"@type":"ReadAction","target":["https:\/\/www.atlcapital.es\/portal-interno\/"]}]},{"@type":"ImageObject","inLanguage":"es","@id":"https:\/\/www.atlcapital.es\/portal-interno\/#primaryimage","url":"https:\/\/i0.wp.com\/www.atlcapital.es\/portal-interno\/wp-content\/uploads\/2023\/04\/Captura-7-1.png?fit=1007%2C882&ssl=1","contentUrl":"https:\/\/i0.wp.com\/www.atlcapital.es\/portal-interno\/wp-content\/uploads\/2023\/04\/Captura-7-1.png?fit=1007%2C882&ssl=1","width":1007,"height":882},{"@type":"WebSite","@id":"https:\/\/www.atlcapital.es\/portal-interno\/#website","url":"https:\/\/www.atlcapital.es\/portal-interno\/","name":"atl Capital Portal Interno","description":"","potentialAction":[{"@type":"SearchAction","target":{"@type":"EntryPoint","urlTemplate":"https:\/\/www.atlcapital.es\/portal-interno\/?s={search_term_string}"},"query-input":{"@type":"PropertyValueSpecification","valueRequired":true,"valueName":"search_term_string"}}],"inLanguage":"es"}]}},"_links":{"self":[{"href":"https:\/\/www.atlcapital.es\/portal-interno\/wp-json\/wp\/v2\/pages\/5652","targetHints":{"allow":["GET"]}}],"collection":[{"href":"https:\/\/www.atlcapital.es\/portal-interno\/wp-json\/wp\/v2\/pages"}],"about":[{"href":"https:\/\/www.atlcapital.es\/portal-interno\/wp-json\/wp\/v2\/types\/page"}],"author":[{"embeddable":true,"href":"https:\/\/www.atlcapital.es\/portal-interno\/wp-json\/wp\/v2\/users\/5"}],"replies":[{"embeddable":true,"href":"https:\/\/www.atlcapital.es\/portal-interno\/wp-json\/wp\/v2\/comments?post=5652"}],"version-history":[{"count":187,"href":"https:\/\/www.atlcapital.es\/portal-interno\/wp-json\/wp\/v2\/pages\/5652\/revisions"}],"predecessor-version":[{"id":15172,"href":"https:\/\/www.atlcapital.es\/portal-interno\/wp-json\/wp\/v2\/pages\/5652\/revisions\/15172"}],"wp:attachment":[{"href":"https:\/\/www.atlcapital.es\/portal-interno\/wp-json\/wp\/v2\/media?parent=5652"}],"curies":[{"name":"wp","href":"https:\/\/api.w.org\/{rel}","templated":true}]}}