{"id":1675,"date":"2022-09-15T15:02:17","date_gmt":"2022-09-15T15:02:17","guid":{"rendered":"http:\/\/%20%20wordpress\/?page_id=1675"},"modified":"2025-10-16T09:51:34","modified_gmt":"2025-10-16T07:51:34","slug":"comunicacion-interna","status":"publish","type":"page","link":"https:\/\/www.atlcapital.es\/portal-interno\/comunicacion-interna\/","title":{"rendered":"Comunicaci\u00f3n interna"},"content":{"rendered":"\t\t<div data-elementor-type=\"wp-page\" data-elementor-id=\"1675\" class=\"elementor elementor-1675\" data-elementor-post-type=\"page\">\n\t\t\t\t\t\t<section data-particle_enable=\"false\" data-particle-mobile-disabled=\"false\" class=\"elementor-section elementor-top-section elementor-element elementor-element-c69530d elementor-section-height-min-height elementor-section-boxed elementor-section-height-default elementor-section-items-middle\" data-id=\"c69530d\" data-element_type=\"section\">\n\t\t\t\t\t\t<div class=\"elementor-container elementor-column-gap-default\">\n\t\t\t\t\t<div class=\"elementor-column elementor-col-100 elementor-top-column elementor-element elementor-element-e0b9941\" data-id=\"e0b9941\" data-element_type=\"column\">\n\t\t\t<div class=\"elementor-widget-wrap elementor-element-populated\">\n\t\t\t\t\t\t<div class=\"elementor-element elementor-element-3aff9a3 elementor-widget elementor-widget-image\" data-id=\"3aff9a3\" data-element_type=\"widget\" data-widget_type=\"image.default\">\n\t\t\t\t<div class=\"elementor-widget-container\">\n\t\t\t\t\t\t\t\t\t\t\t\t\t\t\t\t<a href=\"https:\/\/www.atlcapital.es\/portal-interno\/\">\n\t\t\t\t\t\t\t<img decoding=\"async\" width=\"1\" height=\"1\" src=\"https:\/\/www.atlcapital.es\/portal-interno\/wp-content\/uploads\/2022\/06\/logo-atl-capital-svg.svg\" class=\"attachment-large size-large wp-image-4188\" alt=\"\" \/>\t\t\t\t\t\t\t\t<\/a>\n\t\t\t\t\t\t\t\t\t\t\t\t\t\t\t<\/div>\n\t\t\t\t<\/div>\n\t\t\t\t\t<\/div>\n\t\t<\/div>\n\t\t\t\t\t<\/div>\n\t\t<\/section>\n\t\t\t\t<section data-particle_enable=\"false\" data-particle-mobile-disabled=\"false\" class=\"elementor-section elementor-top-section elementor-element elementor-element-86022a1 elementor-section-boxed elementor-section-height-default elementor-section-height-default\" data-id=\"86022a1\" data-element_type=\"section\" data-settings=\"{&quot;background_background&quot;:&quot;classic&quot;}\">\n\t\t\t\t\t\t<div class=\"elementor-container elementor-column-gap-no\">\n\t\t\t\t\t<div class=\"elementor-column elementor-col-100 elementor-top-column elementor-element elementor-element-f6a03cd\" data-id=\"f6a03cd\" data-element_type=\"column\">\n\t\t\t<div class=\"elementor-widget-wrap elementor-element-populated\">\n\t\t\t\t\t\t<div class=\"elementor-element elementor-element-e43ab12 elementor-widget elementor-widget-spacer\" data-id=\"e43ab12\" data-element_type=\"widget\" data-widget_type=\"spacer.default\">\n\t\t\t\t<div class=\"elementor-widget-container\">\n\t\t\t\t\t\t\t<div class=\"elementor-spacer\">\n\t\t\t<div class=\"elementor-spacer-inner\"><\/div>\n\t\t<\/div>\n\t\t\t\t\t\t<\/div>\n\t\t\t\t<\/div>\n\t\t\t\t<div class=\"elementor-element elementor-element-a6d7cf5 animated-fast elementor-invisible elementor-widget elementor-widget-text-editor\" data-id=\"a6d7cf5\" data-element_type=\"widget\" data-settings=\"{&quot;_animation&quot;:&quot;fadeIn&quot;,&quot;_animation_delay&quot;:&quot;200&quot;}\" data-widget_type=\"text-editor.default\">\n\t\t\t\t<div class=\"elementor-widget-container\">\n\t\t\t\t\t\t\t\t\t<p>Inicia sesi\u00f3n para acceder a todo nuestro contenido<\/p>\t\t\t\t\t\t\t\t<\/div>\n\t\t\t\t<\/div>\n\t\t\t\t<div class=\"elementor-element elementor-element-7b62326 elementor-widget elementor-widget-spacer\" data-id=\"7b62326\" data-element_type=\"widget\" data-widget_type=\"spacer.default\">\n\t\t\t\t<div class=\"elementor-widget-container\">\n\t\t\t\t\t\t\t<div class=\"elementor-spacer\">\n\t\t\t<div class=\"elementor-spacer-inner\"><\/div>\n\t\t<\/div>\n\t\t\t\t\t\t<\/div>\n\t\t\t\t<\/div>\n\t\t\t\t\t<\/div>\n\t\t<\/div>\n\t\t\t\t\t<\/div>\n\t\t<\/section>\n\t\t\t\t<section data-particle_enable=\"false\" data-particle-mobile-disabled=\"false\" class=\"elementor-section elementor-top-section elementor-element elementor-element-8205667 elementor-section-height-min-height elementor-section-items-stretch elementor-reverse-mobile elementor-section-boxed elementor-section-height-default\" data-id=\"8205667\" data-element_type=\"section\" data-settings=\"{&quot;background_background&quot;:&quot;classic&quot;}\">\n\t\t\t\t\t\t<div class=\"elementor-container elementor-column-gap-no\">\n\t\t\t\t\t<div class=\"elementor-column elementor-col-50 elementor-top-column elementor-element elementor-element-5abc664\" data-id=\"5abc664\" data-element_type=\"column\" data-settings=\"{&quot;background_background&quot;:&quot;classic&quot;}\">\n\t\t\t<div class=\"elementor-widget-wrap elementor-element-populated\">\n\t\t\t\t\t\t<div class=\"elementor-element elementor-element-e29c087 elementor-widget elementor-widget-spacer\" data-id=\"e29c087\" data-element_type=\"widget\" data-widget_type=\"spacer.default\">\n\t\t\t\t<div class=\"elementor-widget-container\">\n\t\t\t\t\t\t\t<div class=\"elementor-spacer\">\n\t\t\t<div class=\"elementor-spacer-inner\"><\/div>\n\t\t<\/div>\n\t\t\t\t\t\t<\/div>\n\t\t\t\t<\/div>\n\t\t\t\t<div class=\"elementor-element elementor-element-2c69732 elementor-widget__width-auto elementor-widget-tablet__width-initial elementor-absolute elementor-widget elementor-widget-image\" data-id=\"2c69732\" data-element_type=\"widget\" data-settings=\"{&quot;motion_fx_motion_fx_scrolling&quot;:&quot;yes&quot;,&quot;motion_fx_rotateZ_effect&quot;:&quot;yes&quot;,&quot;motion_fx_rotateZ_direction&quot;:&quot;negative&quot;,&quot;motion_fx_rotateZ_speed&quot;:{&quot;unit&quot;:&quot;px&quot;,&quot;size&quot;:6.20000000000000017763568394002504646778106689453125,&quot;sizes&quot;:[]},&quot;motion_fx_rotateZ_affectedRange&quot;:{&quot;unit&quot;:&quot;%&quot;,&quot;size&quot;:&quot;&quot;,&quot;sizes&quot;:{&quot;start&quot;:7,&quot;end&quot;:&quot;86&quot;}},&quot;_position&quot;:&quot;absolute&quot;,&quot;motion_fx_devices&quot;:[&quot;widescreen&quot;,&quot;desktop&quot;,&quot;laptop&quot;,&quot;tablet&quot;,&quot;mobile&quot;]}\" data-widget_type=\"image.default\">\n\t\t\t\t<div class=\"elementor-widget-container\">\n\t\t\t\t\t\t\t\t\t\t\t\t\t\t\t<img fetchpriority=\"high\" decoding=\"async\" width=\"269\" height=\"268\" src=\"https:\/\/i0.wp.com\/www.atlcapital.es\/portal-interno\/wp-content\/uploads\/2022\/09\/portal-interno-circulo.png?fit=269%2C268&amp;ssl=1\" class=\"attachment-large size-large wp-image-1643\" alt=\"\" srcset=\"https:\/\/i0.wp.com\/www.atlcapital.es\/portal-interno\/wp-content\/uploads\/2022\/09\/portal-interno-circulo.png?w=269&amp;ssl=1 269w, https:\/\/i0.wp.com\/www.atlcapital.es\/portal-interno\/wp-content\/uploads\/2022\/09\/portal-interno-circulo.png?resize=150%2C150&amp;ssl=1 150w\" sizes=\"(max-width: 269px) 100vw, 269px\" \/>\t\t\t\t\t\t\t\t\t\t\t\t\t\t\t<\/div>\n\t\t\t\t<\/div>\n\t\t\t\t\t<\/div>\n\t\t<\/div>\n\t\t\t\t<div class=\"elementor-column elementor-col-50 elementor-top-column elementor-element elementor-element-d898dc2\" data-id=\"d898dc2\" data-element_type=\"column\">\n\t\t\t<div class=\"elementor-widget-wrap elementor-element-populated\">\n\t\t\t\t\t\t<div class=\"elementor-element elementor-element-58869d5 elementor-button-align-stretch elementor-mobile-button-align-stretch elementor-widget elementor-widget-login\" data-id=\"58869d5\" data-element_type=\"widget\" data-widget_type=\"login.default\">\n\t\t\t\t<div class=\"elementor-widget-container\">\n\t\t\t\t\t\t\t<form class=\"elementor-login elementor-form\" method=\"post\" action=\"https:\/\/www.atlcapital.es\/portal-interno\/wp-login.php\" aria-label=\"Fromulario de login\">\n\t\t\t<input type=\"hidden\" name=\"redirect_to\" value=\"https:\/\/www.atlcapital.es\/portal-interno\/comunicacion-interna\/\">\n\t\t\t<div class=\"elementor-form-fields-wrapper\">\n\t\t\t\t<div class=\"elementor-field-type-text elementor-field-group elementor-column elementor-col-100 elementor-field-required\">\n\t\t\t\t\t<label for=\"user-58869d5\" class=\"elementor-field-label\">Nombre de usuario<\/label>\n\t\t\t\t\t<input size=\"1\" type=\"text\" name=\"log\" id=\"user-58869d5\" placeholder=\"\" class=\"elementor-field elementor-field-textual elementor-size-md\">\n\t\t\t\t<\/div>\n\t\t\t\t<div class=\"elementor-field-type-text elementor-field-group elementor-column elementor-col-100 elementor-field-required\">\n\t\t\t\t\t<label for=\"password-58869d5\" class=\"elementor-field-label\">Contrase\u00f1a<\/label>\n\t\t\t\t\t<input size=\"1\" type=\"password\" name=\"pwd\" id=\"password-58869d5\" placeholder=\"\" class=\"elementor-field elementor-field-textual elementor-size-md\">\n\t\t\t\t<\/div>\n\n\t\t\t\t\t\t\t\t\t<div class=\"elementor-field-type-checkbox elementor-field-group elementor-column elementor-col-100 elementor-remember-me\">\n\t\t\t\t\t\t<label for=\"elementor-login-remember-me\">\n\t\t\t\t\t\t\t<input type=\"checkbox\" id=\"elementor-login-remember-me\" name=\"rememberme\" value=\"forever\">\n\t\t\t\t\t\t\tRecu\u00e9rdame\t\t\t\t\t\t<\/label>\n\t\t\t\t\t<\/div>\n\t\t\t\t\n\t\t\t\t<div class=\"elementor-field-group elementor-column elementor-field-type-submit elementor-col-100\">\n\t\t\t\t\t<button type=\"submit\" class=\"elementor-size-lg elementor-button\" name=\"wp-submit\">\n\t\t\t\t\t\t\t\t\t\t\t\t\t\t\t<span class=\"elementor-button-text\">Iniciar sesi\u00f3n<\/span>\n\t\t\t\t\t\t\t\t\t\t\t\t<\/button>\n\t\t\t\t<\/div>\n\n\t\t\t\t\t\t\t\t\t<div class=\"elementor-field-group elementor-column elementor-col-100\">\n\t\t\t\t\t\t\t\t\t\t\t\t\t\t\t\t\t\t\t\t<a class=\"elementor-lost-password\" href=\"https:\/\/www.atlcapital.es\/portal-interno\/wp-login.php?action=lostpassword&redirect_to=https%3A%2F%2Fwww.atlcapital.es%2Fportal-interno%2Fcomunicacion-interna%2F\">\n\t\t\t\t\t\t\t\t\u00bfOlvid\u00f3 su contrase\u00f1a?\t\t\t\t\t\t\t<\/a>\n\t\t\t\t\t\t\n\t\t\t\t\t\t\t\t\t\t\t<\/div>\n\t\t\t\t\t\t\t<\/div>\n\t\t<\/form>\n\t\t\t\t\t\t<\/div>\n\t\t\t\t<\/div>\n\t\t<!-- dce invisible element 4864819 -->\t\t\t<\/div>\n\t\t<\/div>\n\t\t\t\t\t<\/div>\n\t\t<\/section>\n\t\t\t\t<section data-particle_enable=\"false\" data-particle-mobile-disabled=\"false\" class=\"elementor-section elementor-top-section elementor-element elementor-element-8e6ce0f elementor-section-boxed elementor-section-height-default elementor-section-height-default\" data-id=\"8e6ce0f\" data-element_type=\"section\" data-settings=\"{&quot;background_background&quot;:&quot;classic&quot;}\">\n\t\t\t\t\t\t<div class=\"elementor-container elementor-column-gap-default\">\n\t\t\t\t\t<div class=\"elementor-column elementor-col-100 elementor-top-column elementor-element elementor-element-c066ea5\" data-id=\"c066ea5\" data-element_type=\"column\">\n\t\t\t<div class=\"elementor-widget-wrap elementor-element-populated\">\n\t\t\t\t\t\t<div class=\"elementor-element elementor-element-56ec763 elementor-widget elementor-widget-spacer\" data-id=\"56ec763\" data-element_type=\"widget\" data-widget_type=\"spacer.default\">\n\t\t\t\t<div class=\"elementor-widget-container\">\n\t\t\t\t\t\t\t<div class=\"elementor-spacer\">\n\t\t\t<div class=\"elementor-spacer-inner\"><\/div>\n\t\t<\/div>\n\t\t\t\t\t\t<\/div>\n\t\t\t\t<\/div>\n\t\t\t\t\t<\/div>\n\t\t<\/div>\n\t\t\t\t\t<\/div>\n\t\t<\/section>\n\t\t\t\t<\/div>\n\t\t","protected":false},"excerpt":{"rendered":"<p>COMUNICACIONES INTERNAS \u00daltimas comunicaciones Newsletters Reservar sala \u00daLTIMAS COMUNICACIONES COMUNICACI\u00d3N INTERNA MAPA RCI &#8211; Visi\u00f3n de mercados Mayo COMUNICACI\u00d3N INTERNA Conferencia de Barcelona 2025 COMUNICACI\u00d3N INTERNA Manual de procedimiento de Prevenci\u00f3n y Blanqueo COMUNICACI\u00d3N INTERNA Mapa RCI &#8211; Visi\u00f3n de Mercados Junio COMUNICACI\u00d3N INTERNA Evento Porsche COMUNICACI\u00d3N INTERNA Save the Date &#8211; Conferencia Anual 2025 [&hellip;]<\/p>\n","protected":false},"author":5,"featured_media":0,"parent":0,"menu_order":0,"comment_status":"closed","ping_status":"closed","template":"elementor_header_footer","meta":{"site-sidebar-layout":"no-sidebar","site-content-layout":"page-builder","ast-site-content-layout":"","site-content-style":"default","site-sidebar-style":"default","ast-global-header-display":"","ast-banner-title-visibility":"","ast-main-header-display":"","ast-hfb-above-header-display":"","ast-hfb-below-header-display":"","ast-hfb-mobile-header-display":"","site-post-title":"disabled","ast-breadcrumbs-content":"","ast-featured-img":"disabled","footer-sml-layout":"","theme-transparent-header-meta":"default","adv-header-id-meta":"","stick-header-meta":"","header-above-stick-meta":"","header-main-stick-meta":"","header-below-stick-meta":"","astra-migrate-meta-layouts":"default","ast-page-background-enabled":"default","ast-page-background-meta":{"desktop":{"background-color":"var(--ast-global-color-4)","background-image":"","background-repeat":"repeat","background-position":"center center","background-size":"auto","background-attachment":"scroll","background-type":"","background-media":"","overlay-type":"","overlay-color":"","overlay-opacity":"","overlay-gradient":""},"tablet":{"background-color":"","background-image":"","background-repeat":"repeat","background-position":"center center","background-size":"auto","background-attachment":"scroll","background-type":"","background-media":"","overlay-type":"","overlay-color":"","overlay-opacity":"","overlay-gradient":""},"mobile":{"background-color":"","background-image":"","background-repeat":"repeat","background-position":"center center","background-size":"auto","background-attachment":"scroll","background-type":"","background-media":"","overlay-type":"","overlay-color":"","overlay-opacity":"","overlay-gradient":""}},"ast-content-background-meta":{"desktop":{"background-color":"var(--ast-global-color-5)","background-image":"","background-repeat":"repeat","background-position":"center center","background-size":"auto","background-attachment":"scroll","background-type":"","background-media":"","overlay-type":"","overlay-color":"","overlay-opacity":"","overlay-gradient":""},"tablet":{"background-color":"var(--ast-global-color-5)","background-image":"","background-repeat":"repeat","background-position":"center center","background-size":"auto","background-attachment":"scroll","background-type":"","background-media":"","overlay-type":"","overlay-color":"","overlay-opacity":"","overlay-gradient":""},"mobile":{"background-color":"var(--ast-global-color-5)","background-image":"","background-repeat":"repeat","background-position":"center center","background-size":"auto","background-attachment":"scroll","background-type":"","background-media":"","overlay-type":"","overlay-color":"","overlay-opacity":"","overlay-gradient":""}},"footnotes":""},"class_list":["post-1675","page","type-page","status-publish","hentry"],"yoast_head":"<!-- This site is optimized with the Yoast SEO plugin v25.8 - https:\/\/yoast.com\/wordpress\/plugins\/seo\/ -->\n<title>Comunicaci\u00f3n interna - atl Capital Portal Interno<\/title>\n<meta name=\"description\" content=\"Mantente informado de todo lo que sucede en atl Capital Gesti\u00f3n de Patrimonios. Ver \u00faltimas comunicaciones\" \/>\n<meta name=\"robots\" content=\"index, follow, max-snippet:-1, max-image-preview:large, max-video-preview:-1\" \/>\n<link rel=\"canonical\" href=\"https:\/\/www.atlcapital.es\/portal-interno\/comunicacion-interna\/\" \/>\n<meta property=\"og:locale\" content=\"es_ES\" \/>\n<meta property=\"og:type\" content=\"article\" \/>\n<meta property=\"og:title\" content=\"Comunicaci\u00f3n interna - atl Capital Portal Interno\" \/>\n<meta property=\"og:description\" content=\"Mantente informado de todo lo que sucede en atl Capital Gesti\u00f3n de Patrimonios. Ver \u00faltimas comunicaciones\" \/>\n<meta property=\"og:url\" content=\"https:\/\/www.atlcapital.es\/portal-interno\/comunicacion-interna\/\" \/>\n<meta property=\"og:site_name\" content=\"atl Capital Portal Interno\" \/>\n<meta property=\"article:modified_time\" content=\"2025-10-16T07:51:34+00:00\" \/>\n<meta property=\"og:image\" content=\"https:\/\/www.atlcapital.es\/portal-interno\/wp-content\/uploads\/2024\/01\/mapa-rci-foto.jpg\" \/>\n<meta name=\"twitter:card\" content=\"summary_large_image\" \/>\n<meta name=\"twitter:label1\" content=\"Tiempo de lectura\" \/>\n\t<meta name=\"twitter:data1\" content=\"7 minutos\" \/>\n<script type=\"application\/ld+json\" class=\"yoast-schema-graph\">{\"@context\":\"https:\/\/schema.org\",\"@graph\":[{\"@type\":\"WebPage\",\"@id\":\"https:\/\/www.atlcapital.es\/portal-interno\/comunicacion-interna\/\",\"url\":\"https:\/\/www.atlcapital.es\/portal-interno\/comunicacion-interna\/\",\"name\":\"Comunicaci\u00f3n interna - atl Capital Portal Interno\",\"isPartOf\":{\"@id\":\"https:\/\/www.atlcapital.es\/portal-interno\/#website\"},\"primaryImageOfPage\":{\"@id\":\"https:\/\/www.atlcapital.es\/portal-interno\/comunicacion-interna\/#primaryimage\"},\"image\":{\"@id\":\"https:\/\/www.atlcapital.es\/portal-interno\/comunicacion-interna\/#primaryimage\"},\"thumbnailUrl\":\"https:\/\/www.atlcapital.es\/portal-interno\/wp-content\/uploads\/2024\/01\/mapa-rci-foto.jpg\",\"datePublished\":\"2022-09-15T15:02:17+00:00\",\"dateModified\":\"2025-10-16T07:51:34+00:00\",\"description\":\"Mantente informado de todo lo que sucede en atl Capital Gesti\u00f3n de Patrimonios. Ver \u00faltimas comunicaciones\",\"inLanguage\":\"es\",\"potentialAction\":[{\"@type\":\"ReadAction\",\"target\":[\"https:\/\/www.atlcapital.es\/portal-interno\/comunicacion-interna\/\"]}]},{\"@type\":\"ImageObject\",\"inLanguage\":\"es\",\"@id\":\"https:\/\/www.atlcapital.es\/portal-interno\/comunicacion-interna\/#primaryimage\",\"url\":\"https:\/\/i0.wp.com\/www.atlcapital.es\/portal-interno\/wp-content\/uploads\/2024\/01\/mapa-rci-foto.jpg?fit=1280%2C853&ssl=1\",\"contentUrl\":\"https:\/\/i0.wp.com\/www.atlcapital.es\/portal-interno\/wp-content\/uploads\/2024\/01\/mapa-rci-foto.jpg?fit=1280%2C853&ssl=1\",\"width\":1280,\"height\":853},{\"@type\":\"WebSite\",\"@id\":\"https:\/\/www.atlcapital.es\/portal-interno\/#website\",\"url\":\"https:\/\/www.atlcapital.es\/portal-interno\/\",\"name\":\"atl Capital Portal Interno\",\"description\":\"\",\"potentialAction\":[{\"@type\":\"SearchAction\",\"target\":{\"@type\":\"EntryPoint\",\"urlTemplate\":\"https:\/\/www.atlcapital.es\/portal-interno\/?s={search_term_string}\"},\"query-input\":{\"@type\":\"PropertyValueSpecification\",\"valueRequired\":true,\"valueName\":\"search_term_string\"}}],\"inLanguage\":\"es\"}]}<\/script>\n<!-- \/ Yoast SEO plugin. -->","yoast_head_json":{"title":"Comunicaci\u00f3n interna - atl Capital Portal Interno","description":"Mantente informado de todo lo que sucede en atl Capital Gesti\u00f3n de Patrimonios. Ver \u00faltimas comunicaciones","robots":{"index":"index","follow":"follow","max-snippet":"max-snippet:-1","max-image-preview":"max-image-preview:large","max-video-preview":"max-video-preview:-1"},"canonical":"https:\/\/www.atlcapital.es\/portal-interno\/comunicacion-interna\/","og_locale":"es_ES","og_type":"article","og_title":"Comunicaci\u00f3n interna - atl Capital Portal Interno","og_description":"Mantente informado de todo lo que sucede en atl Capital Gesti\u00f3n de Patrimonios. Ver \u00faltimas comunicaciones","og_url":"https:\/\/www.atlcapital.es\/portal-interno\/comunicacion-interna\/","og_site_name":"atl Capital Portal Interno","article_modified_time":"2025-10-16T07:51:34+00:00","og_image":[{"url":"https:\/\/www.atlcapital.es\/portal-interno\/wp-content\/uploads\/2024\/01\/mapa-rci-foto.jpg","type":"","width":"","height":""}],"twitter_card":"summary_large_image","twitter_misc":{"Tiempo de lectura":"7 minutos"},"schema":{"@context":"https:\/\/schema.org","@graph":[{"@type":"WebPage","@id":"https:\/\/www.atlcapital.es\/portal-interno\/comunicacion-interna\/","url":"https:\/\/www.atlcapital.es\/portal-interno\/comunicacion-interna\/","name":"Comunicaci\u00f3n interna - atl Capital Portal Interno","isPartOf":{"@id":"https:\/\/www.atlcapital.es\/portal-interno\/#website"},"primaryImageOfPage":{"@id":"https:\/\/www.atlcapital.es\/portal-interno\/comunicacion-interna\/#primaryimage"},"image":{"@id":"https:\/\/www.atlcapital.es\/portal-interno\/comunicacion-interna\/#primaryimage"},"thumbnailUrl":"https:\/\/www.atlcapital.es\/portal-interno\/wp-content\/uploads\/2024\/01\/mapa-rci-foto.jpg","datePublished":"2022-09-15T15:02:17+00:00","dateModified":"2025-10-16T07:51:34+00:00","description":"Mantente informado de todo lo que sucede en atl Capital Gesti\u00f3n de Patrimonios. Ver \u00faltimas comunicaciones","inLanguage":"es","potentialAction":[{"@type":"ReadAction","target":["https:\/\/www.atlcapital.es\/portal-interno\/comunicacion-interna\/"]}]},{"@type":"ImageObject","inLanguage":"es","@id":"https:\/\/www.atlcapital.es\/portal-interno\/comunicacion-interna\/#primaryimage","url":"https:\/\/i0.wp.com\/www.atlcapital.es\/portal-interno\/wp-content\/uploads\/2024\/01\/mapa-rci-foto.jpg?fit=1280%2C853&ssl=1","contentUrl":"https:\/\/i0.wp.com\/www.atlcapital.es\/portal-interno\/wp-content\/uploads\/2024\/01\/mapa-rci-foto.jpg?fit=1280%2C853&ssl=1","width":1280,"height":853},{"@type":"WebSite","@id":"https:\/\/www.atlcapital.es\/portal-interno\/#website","url":"https:\/\/www.atlcapital.es\/portal-interno\/","name":"atl Capital Portal Interno","description":"","potentialAction":[{"@type":"SearchAction","target":{"@type":"EntryPoint","urlTemplate":"https:\/\/www.atlcapital.es\/portal-interno\/?s={search_term_string}"},"query-input":{"@type":"PropertyValueSpecification","valueRequired":true,"valueName":"search_term_string"}}],"inLanguage":"es"}]}},"_links":{"self":[{"href":"https:\/\/www.atlcapital.es\/portal-interno\/wp-json\/wp\/v2\/pages\/1675","targetHints":{"allow":["GET"]}}],"collection":[{"href":"https:\/\/www.atlcapital.es\/portal-interno\/wp-json\/wp\/v2\/pages"}],"about":[{"href":"https:\/\/www.atlcapital.es\/portal-interno\/wp-json\/wp\/v2\/types\/page"}],"author":[{"embeddable":true,"href":"https:\/\/www.atlcapital.es\/portal-interno\/wp-json\/wp\/v2\/users\/5"}],"replies":[{"embeddable":true,"href":"https:\/\/www.atlcapital.es\/portal-interno\/wp-json\/wp\/v2\/comments?post=1675"}],"version-history":[{"count":88,"href":"https:\/\/www.atlcapital.es\/portal-interno\/wp-json\/wp\/v2\/pages\/1675\/revisions"}],"predecessor-version":[{"id":14877,"href":"https:\/\/www.atlcapital.es\/portal-interno\/wp-json\/wp\/v2\/pages\/1675\/revisions\/14877"}],"wp:attachment":[{"href":"https:\/\/www.atlcapital.es\/portal-interno\/wp-json\/wp\/v2\/media?parent=1675"}],"curies":[{"name":"wp","href":"https:\/\/api.w.org\/{rel}","templated":true}]}}